{"id":1827,"date":"2023-03-23T16:09:46","date_gmt":"2023-03-23T15:09:46","guid":{"rendered":"http:\/\/www.arcomis-constructions.fr\/?page_id=1827"},"modified":"2023-04-19T12:12:59","modified_gmt":"2023-04-19T10:12:59","slug":"la-reglementation-energetique-2020","status":"publish","type":"page","link":"http:\/\/www.arcomis-constructions.fr\/index.php\/la-reglementation-energetique-2020\/","title":{"rendered":"La R\u00e8glementation Energ\u00e9tique 2020"},"content":{"rendered":"\t\t<div data-elementor-type=\"wp-page\" data-elementor-id=\"1827\" class=\"elementor elementor-1827\">\n\t\t\t\t\t\t<section class=\"elementor-section elementor-top-section elementor-element elementor-element-b56ecb2 elementor-section-boxed elementor-section-height-default elementor-section-height-default\" data-id=\"b56ecb2\" data-element_type=\"section\" data-e-type=\"section\" data-settings=\"{&quot;background_background&quot;:&quot;classic&quot;}\">\n\t\t\t\t\t\t<div class=\"elementor-container elementor-column-gap-default\">\n\t\t\t\t\t<div class=\"elementor-column elementor-col-100 elementor-top-column elementor-element elementor-element-6a50e1b\" data-id=\"6a50e1b\" data-element_type=\"column\" data-e-type=\"column\">\n\t\t\t<div class=\"elementor-widget-wrap elementor-element-populated\">\n\t\t\t\t\t\t<div class=\"elementor-element elementor-element-0dbf0a0 elementor-widget elementor-widget-image\" data-id=\"0dbf0a0\" data-element_type=\"widget\" data-e-type=\"widget\" data-widget_type=\"image.default\">\n\t\t\t\t<div class=\"elementor-widget-container\">\n\t\t\t\t\t\t\t\t\t\t\t\t\t\t\t<img fetchpriority=\"high\" decoding=\"async\" width=\"280\" height=\"300\" src=\"https:\/\/mlyytsrim2g9.i.optimole.com\/w:280\/h:300\/q:mauto\/f:avif\/http:\/\/www.arcomis-constructions.fr\/wp-content\/uploads\/2023\/03\/logo-officiel-re-2020-sans-fond.png\" class=\"attachment-medium size-medium wp-image-1845\" alt=\"\" srcset=\"\" \/>\t\t\t\t\t\t\t\t\t\t\t\t\t\t\t<\/div>\n\t\t\t\t<\/div>\n\t\t\t\t\t<\/div>\n\t\t<\/div>\n\t\t\t\t\t<\/div>\n\t\t<\/section>\n\t\t\t\t<section class=\"elementor-section elementor-top-section elementor-element elementor-element-509e2fc elementor-section-boxed elementor-section-height-default elementor-section-height-default\" data-id=\"509e2fc\" data-element_type=\"section\" data-e-type=\"section\" data-settings=\"{&quot;background_background&quot;:&quot;classic&quot;}\">\n\t\t\t\t\t\t<div class=\"elementor-container elementor-column-gap-default\">\n\t\t\t\t\t<div class=\"elementor-column elementor-col-100 elementor-top-column elementor-element elementor-element-3fde654\" data-id=\"3fde654\" data-element_type=\"column\" data-e-type=\"column\">\n\t\t\t<div class=\"elementor-widget-wrap elementor-element-populated\">\n\t\t\t\t\t\t<div class=\"elementor-element elementor-element-4c63513 elementor-widget elementor-widget-houzez-property-breadcrumb\" data-id=\"4c63513\" data-element_type=\"widget\" data-e-type=\"widget\" data-widget_type=\"houzez-property-breadcrumb.default\">\n\t\t\t\t<div class=\"elementor-widget-container\">\n\t\t\t\t\t<div class=\"breadcrumb-wrap\"><ol class=\"breadcrumb\"><li class=\"breadcrumb-item\"><a href=\"http:\/\/www.arcomis-constructions.fr\/\"><span>Accueil<\/span><\/a><\/li><li class=\"breadcrumb-item active\">Pages<\/li><\/ol><\/div>\t\t\t\t<\/div>\n\t\t\t\t<\/div>\n\t\t\t\t\t<\/div>\n\t\t<\/div>\n\t\t\t\t\t<\/div>\n\t\t<\/section>\n\t\t\t\t<section class=\"elementor-section elementor-top-section elementor-element elementor-element-bb8152b elementor-section-boxed elementor-section-height-default elementor-section-height-default\" data-id=\"bb8152b\" data-element_type=\"section\" data-e-type=\"section\" data-settings=\"{&quot;background_background&quot;:&quot;classic&quot;}\">\n\t\t\t\t\t\t<div class=\"elementor-container elementor-column-gap-default\">\n\t\t\t\t\t<div class=\"elementor-column elementor-col-100 elementor-top-column elementor-element elementor-element-985a52c\" data-id=\"985a52c\" data-element_type=\"column\" data-e-type=\"column\">\n\t\t\t<div class=\"elementor-widget-wrap elementor-element-populated\">\n\t\t\t\t\t\t<div class=\"elementor-element elementor-element-d35ed7d elementor-widget elementor-widget-heading\" data-id=\"d35ed7d\" data-element_type=\"widget\" data-e-type=\"widget\" data-widget_type=\"heading.default\">\n\t\t\t\t<div class=\"elementor-widget-container\">\n\t\t\t\t\t<h2 class=\"elementor-heading-title elementor-size-default\"><p>La RE 2020 : une nouvelle r\u00e9glementation pour des maisons\nindividuelles plus \u00e9cologiques et plus performantes<span style=\"font-size: 2rem;text-transform: inherit\"><\/span><\/p><\/h2>\t\t\t\t<\/div>\n\t\t\t\t<\/div>\n\t\t\t\t\t<\/div>\n\t\t<\/div>\n\t\t\t\t\t<\/div>\n\t\t<\/section>\n\t\t\t\t<section class=\"elementor-section elementor-top-section elementor-element elementor-element-6deeb07 elementor-section-boxed elementor-section-height-default elementor-section-height-default\" data-id=\"6deeb07\" data-element_type=\"section\" data-e-type=\"section\" data-settings=\"{&quot;background_background&quot;:&quot;classic&quot;}\">\n\t\t\t\t\t\t<div class=\"elementor-container elementor-column-gap-default\">\n\t\t\t\t\t<div class=\"elementor-column elementor-col-100 elementor-top-column elementor-element elementor-element-a4470c3\" data-id=\"a4470c3\" data-element_type=\"column\" data-e-type=\"column\">\n\t\t\t<div class=\"elementor-widget-wrap elementor-element-populated\">\n\t\t\t\t\t\t<div class=\"elementor-element elementor-element-b3f3fec elementor-widget elementor-widget-text-editor\" data-id=\"b3f3fec\" data-element_type=\"widget\" data-e-type=\"widget\" data-widget_type=\"text-editor.default\">\n\t\t\t\t<div class=\"elementor-widget-container\">\n\t\t\t\t\t\t\t\t\t<p class=\"MsoNormal\">La RE 2020 est une r\u00e9glementation qui a pour objectif de r\u00e9duire l&#8217;impact environnemental des b\u00e2timents neufs en France. Elle s&#8217;applique \u00e0 toutes les constructions neuves, y compris les maisons individuelles. En tant que constructeur de maisons individuelles, il est essentiel de comprendre les exigences de la RE 2020 pour proposer des maisons plus respectueuses de l&#8217;environnement et plus performantes.<\/p>\t\t\t\t\t\t\t\t<\/div>\n\t\t\t\t<\/div>\n\t\t\t\t<div class=\"elementor-element elementor-element-db66b1e elementor-widget elementor-widget-heading\" data-id=\"db66b1e\" data-element_type=\"widget\" data-e-type=\"widget\" data-widget_type=\"heading.default\">\n\t\t\t\t<div class=\"elementor-widget-container\">\n\t\t\t\t\t<h2 class=\"elementor-heading-title elementor-size-default\"><p class=\"MsoNormal\">Une exigence de performance \u00e9nerg\u00e9tique renforc\u00e9e<span style=\"font-size: 2rem;text-transform: inherit\"><\/span><\/p><\/h2>\t\t\t\t<\/div>\n\t\t\t\t<\/div>\n\t\t\t\t\t<\/div>\n\t\t<\/div>\n\t\t\t\t\t<\/div>\n\t\t<\/section>\n\t\t\t\t<section class=\"elementor-section elementor-top-section elementor-element elementor-element-b557d28 elementor-section-boxed elementor-section-height-default elementor-section-height-default\" data-id=\"b557d28\" data-element_type=\"section\" data-e-type=\"section\" data-settings=\"{&quot;background_background&quot;:&quot;classic&quot;}\">\n\t\t\t\t\t\t<div class=\"elementor-container elementor-column-gap-default\">\n\t\t\t\t\t<div class=\"elementor-column elementor-col-100 elementor-top-column elementor-element elementor-element-ba098fa\" data-id=\"ba098fa\" data-element_type=\"column\" data-e-type=\"column\">\n\t\t\t<div class=\"elementor-widget-wrap elementor-element-populated\">\n\t\t\t\t\t\t<div class=\"elementor-element elementor-element-7dc8c89 elementor-widget elementor-widget-text-editor\" data-id=\"7dc8c89\" data-element_type=\"widget\" data-e-type=\"widget\" data-widget_type=\"text-editor.default\">\n\t\t\t\t<div class=\"elementor-widget-container\">\n\t\t\t\t\t\t\t\t\t<p class=\"MsoNormal\">La RE 2020 impose une exigence de performance \u00e9nerg\u00e9tique renforc\u00e9e pour les maisons individuelles neuves. Les maisons devront respecter une consommation d&#8217;\u00e9nergie primaire maximale de 50 kWhEP\/(m\u00b2.an) en moyenne, en fonction de la zone g\u00e9ographique et de l&#8217;altitude de la maison. Cette exigence s&#8217;applique \u00e0 l&#8217;ensemble de la maison, y compris le chauffage, l&#8217;eau chaude sanitaire, l&#8217;\u00e9clairage et les \u00e9quipements \u00e9lectriques.<\/p>\t\t\t\t\t\t\t\t<\/div>\n\t\t\t\t<\/div>\n\t\t\t\t\t<\/div>\n\t\t<\/div>\n\t\t\t\t\t<\/div>\n\t\t<\/section>\n\t\t\t\t<section class=\"elementor-section elementor-top-section elementor-element elementor-element-992a246 elementor-section-boxed elementor-section-height-default elementor-section-height-default\" data-id=\"992a246\" data-element_type=\"section\" data-e-type=\"section\" data-settings=\"{&quot;background_background&quot;:&quot;classic&quot;}\">\n\t\t\t\t\t\t<div class=\"elementor-container elementor-column-gap-default\">\n\t\t\t\t\t<div class=\"elementor-column elementor-col-100 elementor-top-column elementor-element elementor-element-150f1b3\" data-id=\"150f1b3\" data-element_type=\"column\" data-e-type=\"column\">\n\t\t\t<div class=\"elementor-widget-wrap elementor-element-populated\">\n\t\t\t\t\t\t<div class=\"elementor-element elementor-element-838d581 elementor-widget elementor-widget-heading\" data-id=\"838d581\" data-element_type=\"widget\" data-e-type=\"widget\" data-widget_type=\"heading.default\">\n\t\t\t\t<div class=\"elementor-widget-container\">\n\t\t\t\t\t<h2 class=\"elementor-heading-title elementor-size-default\"><p class=\"MsoNormal\">Une exigence de performance environnementale globale<span style=\"font-size: 2rem;text-transform: inherit\"><\/span><\/p><\/h2>\t\t\t\t<\/div>\n\t\t\t\t<\/div>\n\t\t\t\t\t<\/div>\n\t\t<\/div>\n\t\t\t\t\t<\/div>\n\t\t<\/section>\n\t\t\t\t<section class=\"elementor-section elementor-top-section elementor-element elementor-element-e74ca18 elementor-section-boxed elementor-section-height-default elementor-section-height-default\" data-id=\"e74ca18\" data-element_type=\"section\" data-e-type=\"section\" data-settings=\"{&quot;background_background&quot;:&quot;classic&quot;}\">\n\t\t\t\t\t\t<div class=\"elementor-container elementor-column-gap-default\">\n\t\t\t\t\t<div class=\"elementor-column elementor-col-100 elementor-top-column elementor-element elementor-element-7e184d5\" data-id=\"7e184d5\" data-element_type=\"column\" data-e-type=\"column\">\n\t\t\t<div class=\"elementor-widget-wrap elementor-element-populated\">\n\t\t\t\t\t\t<div class=\"elementor-element elementor-element-613e7b8 elementor-widget elementor-widget-text-editor\" data-id=\"613e7b8\" data-element_type=\"widget\" data-e-type=\"widget\" data-widget_type=\"text-editor.default\">\n\t\t\t\t<div class=\"elementor-widget-container\">\n\t\t\t\t\t\t\t\t\t<p class=\"MsoNormal\">La RE 2020 prend en compte l&#8217;ensemble des impacts environnementaux d&#8217;une maison individuelle pour \u00e9valuer sa performance environnementale globale. Elle impose notamment une limitation de l&#8217;impact carbone des mat\u00e9riaux utilis\u00e9s dans la construction. Les constructeurs devront donc choisir des mat\u00e9riaux ayant une faible empreinte carbone, tout en garantissant une qualit\u00e9 de construction optimale.<\/p>\t\t\t\t\t\t\t\t<\/div>\n\t\t\t\t<\/div>\n\t\t\t\t\t<\/div>\n\t\t<\/div>\n\t\t\t\t\t<\/div>\n\t\t<\/section>\n\t\t\t\t<section class=\"elementor-section elementor-top-section elementor-element elementor-element-1069ffa elementor-section-boxed elementor-section-height-default elementor-section-height-default\" data-id=\"1069ffa\" data-element_type=\"section\" data-e-type=\"section\" data-settings=\"{&quot;background_background&quot;:&quot;classic&quot;}\">\n\t\t\t\t\t\t<div class=\"elementor-container elementor-column-gap-default\">\n\t\t\t\t\t<div class=\"elementor-column elementor-col-100 elementor-top-column elementor-element elementor-element-dfcda8e\" data-id=\"dfcda8e\" data-element_type=\"column\" data-e-type=\"column\">\n\t\t\t<div class=\"elementor-widget-wrap elementor-element-populated\">\n\t\t\t\t\t\t<div class=\"elementor-element elementor-element-8be5321 elementor-widget elementor-widget-heading\" data-id=\"8be5321\" data-element_type=\"widget\" data-e-type=\"widget\" data-widget_type=\"heading.default\">\n\t\t\t\t<div class=\"elementor-widget-container\">\n\t\t\t\t\t<h2 class=\"elementor-heading-title elementor-size-default\"><p class=\"MsoNormal\">Le recours obligatoire aux \u00e9nergies renouvelables<span style=\"font-size: 2rem;text-transform: inherit\"><\/span><\/p><\/h2>\t\t\t\t<\/div>\n\t\t\t\t<\/div>\n\t\t\t\t\t<\/div>\n\t\t<\/div>\n\t\t\t\t\t<\/div>\n\t\t<\/section>\n\t\t\t\t<section class=\"elementor-section elementor-top-section elementor-element elementor-element-c621113 elementor-section-boxed elementor-section-height-default elementor-section-height-default\" data-id=\"c621113\" data-element_type=\"section\" data-e-type=\"section\" data-settings=\"{&quot;background_background&quot;:&quot;classic&quot;}\">\n\t\t\t\t\t\t<div class=\"elementor-container elementor-column-gap-default\">\n\t\t\t\t\t<div class=\"elementor-column elementor-col-100 elementor-top-column elementor-element elementor-element-aa56839\" data-id=\"aa56839\" data-element_type=\"column\" data-e-type=\"column\">\n\t\t\t<div class=\"elementor-widget-wrap elementor-element-populated\">\n\t\t\t\t\t\t<div class=\"elementor-element elementor-element-7d0725c elementor-widget elementor-widget-text-editor\" data-id=\"7d0725c\" data-element_type=\"widget\" data-e-type=\"widget\" data-widget_type=\"text-editor.default\">\n\t\t\t\t<div class=\"elementor-widget-container\">\n\t\t\t\t\t\t\t\t\t<p class=\"MsoNormal\">La RE 2020 impose le recours obligatoire aux \u00e9nergies renouvelables pour les maisons individuelles neuves. Les maisons devront produire une partie de leur \u00e9nergie \u00e0 partir de sources renouvelables comme des panneaux solaires ou des \u00e9oliennes. Les constructeurs de maisons individuelles devront donc int\u00e9grer cette exigence dans la conception des maisons pour proposer des solutions adapt\u00e9es \u00e0 chaque projet.<\/p>\t\t\t\t\t\t\t\t<\/div>\n\t\t\t\t<\/div>\n\t\t\t\t\t<\/div>\n\t\t<\/div>\n\t\t\t\t\t<\/div>\n\t\t<\/section>\n\t\t\t\t<section class=\"elementor-section elementor-top-section elementor-element elementor-element-e6b9b53 elementor-section-boxed elementor-section-height-default elementor-section-height-default\" data-id=\"e6b9b53\" data-element_type=\"section\" data-e-type=\"section\" data-settings=\"{&quot;background_background&quot;:&quot;classic&quot;}\">\n\t\t\t\t\t\t<div class=\"elementor-container elementor-column-gap-default\">\n\t\t\t\t\t<div class=\"elementor-column elementor-col-100 elementor-top-column elementor-element elementor-element-162b464\" data-id=\"162b464\" data-element_type=\"column\" data-e-type=\"column\">\n\t\t\t<div class=\"elementor-widget-wrap elementor-element-populated\">\n\t\t\t\t\t\t<div class=\"elementor-element elementor-element-b568b82 elementor-widget elementor-widget-heading\" data-id=\"b568b82\" data-element_type=\"widget\" data-e-type=\"widget\" data-widget_type=\"heading.default\">\n\t\t\t\t<div class=\"elementor-widget-container\">\n\t\t\t\t\t<h2 class=\"elementor-heading-title elementor-size-default\"><p class=\"MsoNormal\">L'int\u00e9gration de la biodiversit\u00e9 dans la conception des\nmaisons<span style=\"font-size: 2rem;text-transform: inherit\"><\/span><\/p><\/h2>\t\t\t\t<\/div>\n\t\t\t\t<\/div>\n\t\t\t\t\t<\/div>\n\t\t<\/div>\n\t\t\t\t\t<\/div>\n\t\t<\/section>\n\t\t\t\t<section class=\"elementor-section elementor-top-section elementor-element elementor-element-806cc79 elementor-section-boxed elementor-section-height-default elementor-section-height-default\" data-id=\"806cc79\" data-element_type=\"section\" data-e-type=\"section\" data-settings=\"{&quot;background_background&quot;:&quot;classic&quot;}\">\n\t\t\t\t\t\t<div class=\"elementor-container elementor-column-gap-default\">\n\t\t\t\t\t<div class=\"elementor-column elementor-col-100 elementor-top-column elementor-element elementor-element-a05bb6f\" data-id=\"a05bb6f\" data-element_type=\"column\" data-e-type=\"column\">\n\t\t\t<div class=\"elementor-widget-wrap elementor-element-populated\">\n\t\t\t\t\t\t<div class=\"elementor-element elementor-element-fc07814 elementor-widget elementor-widget-text-editor\" data-id=\"fc07814\" data-element_type=\"widget\" data-e-type=\"widget\" data-widget_type=\"text-editor.default\">\n\t\t\t\t<div class=\"elementor-widget-container\">\n\t\t\t\t\t\t\t\t\t<p class=\"MsoNormal\">La RE 2020 encourage la prise en compte de la biodiversit\u00e9 dans la conception des maisons individuelles pour favoriser la pr\u00e9servation de la faune et de la flore. Les constructeurs pourront par exemple proposer des toits v\u00e9g\u00e9talis\u00e9s ou des murs v\u00e9g\u00e9taux pour favoriser la biodiversit\u00e9 locale.<\/p>\t\t\t\t\t\t\t\t<\/div>\n\t\t\t\t<\/div>\n\t\t\t\t\t<\/div>\n\t\t<\/div>\n\t\t\t\t\t<\/div>\n\t\t<\/section>\n\t\t\t\t<section class=\"elementor-section elementor-top-section elementor-element elementor-element-a34497b elementor-section-boxed elementor-section-height-default elementor-section-height-default\" data-id=\"a34497b\" data-element_type=\"section\" data-e-type=\"section\" data-settings=\"{&quot;background_background&quot;:&quot;classic&quot;}\">\n\t\t\t\t\t\t<div class=\"elementor-container elementor-column-gap-default\">\n\t\t\t\t\t<div class=\"elementor-column elementor-col-100 elementor-top-column elementor-element elementor-element-96a2f1d\" data-id=\"96a2f1d\" data-element_type=\"column\" data-e-type=\"column\">\n\t\t\t<div class=\"elementor-widget-wrap elementor-element-populated\">\n\t\t\t\t\t\t<div class=\"elementor-element elementor-element-34ab1f1 elementor-widget elementor-widget-heading\" data-id=\"34ab1f1\" data-element_type=\"widget\" data-e-type=\"widget\" data-widget_type=\"heading.default\">\n\t\t\t\t<div class=\"elementor-widget-container\">\n\t\t\t\t\t<h2 class=\"elementor-heading-title elementor-size-default\"><p class=\"MsoNormal\">Une \u00e9tude de cycle de vie obligatoire<span style=\"font-size: 2rem;text-transform: inherit\"><\/span><\/p><\/h2>\t\t\t\t<\/div>\n\t\t\t\t<\/div>\n\t\t\t\t\t<\/div>\n\t\t<\/div>\n\t\t\t\t\t<\/div>\n\t\t<\/section>\n\t\t\t\t<section class=\"elementor-section elementor-top-section elementor-element elementor-element-1633bf8 elementor-section-boxed elementor-section-height-default elementor-section-height-default\" data-id=\"1633bf8\" data-element_type=\"section\" data-e-type=\"section\" data-settings=\"{&quot;background_background&quot;:&quot;classic&quot;}\">\n\t\t\t\t\t\t<div class=\"elementor-container elementor-column-gap-default\">\n\t\t\t\t\t<div class=\"elementor-column elementor-col-100 elementor-top-column elementor-element elementor-element-d34f410\" data-id=\"d34f410\" data-element_type=\"column\" data-e-type=\"column\">\n\t\t\t<div class=\"elementor-widget-wrap elementor-element-populated\">\n\t\t\t\t\t\t<div class=\"elementor-element elementor-element-03fbe45 elementor-widget elementor-widget-text-editor\" data-id=\"03fbe45\" data-element_type=\"widget\" data-e-type=\"widget\" data-widget_type=\"text-editor.default\">\n\t\t\t\t<div class=\"elementor-widget-container\">\n\t\t\t\t\t\t\t\t\t<p class=\"MsoNormal\">La RE 2020 impose la r\u00e9alisation d&#8217;une \u00e9tude de cycle de vie de la maison individuelle pour \u00e9valuer son impact environnemental sur l&#8217;ensemble de son cycle de vie, de la production des mat\u00e9riaux \u00e0 sa d\u00e9construction. Cette \u00e9tude permettra aux constructeurs de choisir les mat\u00e9riaux les plus adapt\u00e9s pour chaque projet et de garantir une maison respectueuse de l&#8217;environnement sur le long terme.<\/p>\t\t\t\t\t\t\t\t<\/div>\n\t\t\t\t<\/div>\n\t\t\t\t\t<\/div>\n\t\t<\/div>\n\t\t\t\t\t<\/div>\n\t\t<\/section>\n\t\t\t\t<section class=\"elementor-section elementor-top-section elementor-element elementor-element-1405612 elementor-section-boxed elementor-section-height-default elementor-section-height-default\" data-id=\"1405612\" data-element_type=\"section\" data-e-type=\"section\" data-settings=\"{&quot;background_background&quot;:&quot;classic&quot;}\">\n\t\t\t\t\t\t<div class=\"elementor-container elementor-column-gap-default\">\n\t\t\t\t\t<div class=\"elementor-column elementor-col-100 elementor-top-column elementor-element elementor-element-b194764\" data-id=\"b194764\" data-element_type=\"column\" data-e-type=\"column\">\n\t\t\t<div class=\"elementor-widget-wrap elementor-element-populated\">\n\t\t\t\t\t\t<div class=\"elementor-element elementor-element-d99c349 elementor-widget elementor-widget-heading\" data-id=\"d99c349\" data-element_type=\"widget\" data-e-type=\"widget\" data-widget_type=\"heading.default\">\n\t\t\t\t<div class=\"elementor-widget-container\">\n\t\t\t\t\t<h2 class=\"elementor-heading-title elementor-size-default\"><p class=\"MsoNormal\">L'objectif de g\u00e9n\u00e9ralisation des maisons \u00e0 \u00e9nergie positive<span style=\"font-size: 2rem;text-transform: inherit\"><\/span><\/p><\/h2>\t\t\t\t<\/div>\n\t\t\t\t<\/div>\n\t\t\t\t\t<\/div>\n\t\t<\/div>\n\t\t\t\t\t<\/div>\n\t\t<\/section>\n\t\t\t\t<section class=\"elementor-section elementor-top-section elementor-element elementor-element-b80f6f9 elementor-section-boxed elementor-section-height-default elementor-section-height-default\" data-id=\"b80f6f9\" data-element_type=\"section\" data-e-type=\"section\" data-settings=\"{&quot;background_background&quot;:&quot;classic&quot;}\">\n\t\t\t\t\t\t<div class=\"elementor-container elementor-column-gap-default\">\n\t\t\t\t\t<div class=\"elementor-column elementor-col-100 elementor-top-column elementor-element elementor-element-d5ee076\" data-id=\"d5ee076\" data-element_type=\"column\" data-e-type=\"column\">\n\t\t\t<div class=\"elementor-widget-wrap elementor-element-populated\">\n\t\t\t\t\t\t<div class=\"elementor-element elementor-element-f56ba59 elementor-widget elementor-widget-text-editor\" data-id=\"f56ba59\" data-element_type=\"widget\" data-e-type=\"widget\" data-widget_type=\"text-editor.default\">\n\t\t\t\t<div class=\"elementor-widget-container\">\n\t\t\t\t\t\t\t\t\t<p class=\"MsoNormal\">Enfin, la RE 2020 vise \u00e0 g\u00e9n\u00e9raliser les maisons \u00e0 \u00e9nergie positive d&#8217;ici 2028. Les maisons \u00e0 \u00e9nergie positive produisent plus d&#8217;\u00e9nergie qu&#8217;elles n&#8217;en consomment, ce qui permet de r\u00e9duire significativement leur impact environnemental. Les constructeurs devront donc s&#8217;adapter pour proposer des solutions innovantes permettant de r\u00e9aliser cet objectif ambitieux<\/p>\t\t\t\t\t\t\t\t<\/div>\n\t\t\t\t<\/div>\n\t\t\t\t\t<\/div>\n\t\t<\/div>\n\t\t\t\t\t<\/div>\n\t\t<\/section>\n\t\t\t\t<\/div>\n\t\t","protected":false},"excerpt":{"rendered":"<p>La RE 2020 : une nouvelle r\u00e9glementation pour des maisons individuelles plus \u00e9cologiques et plus performantes La RE 2020 est une r\u00e9glementation qui a pour objectif de r\u00e9duire l&#8217;impact environnemental des b\u00e2timents neufs en France. Elle s&#8217;applique \u00e0 toutes les constructions neuves, y compris les maisons individuelles. En tant que constructeur de maisons individuelles, il [&hellip;]<\/p>\n","protected":false},"author":2,"featured_media":0,"parent":0,"menu_order":0,"comment_status":"closed","ping_status":"closed","template":"template\/template-homepage.php","meta":{"om_disable_all_campaigns":false,"_monsterinsights_skip_tracking":false,"_monsterinsights_sitenote_active":false,"_monsterinsights_sitenote_note":"","_monsterinsights_sitenote_category":0,"footnotes":""},"class_list":["post-1827","page","type-page","status-publish","hentry"],"aioseo_notices":[],"_links":{"self":[{"href":"http:\/\/www.arcomis-constructions.fr\/index.php\/wp-json\/wp\/v2\/pages\/1827","targetHints":{"allow":["GET"]}}],"collection":[{"href":"http:\/\/www.arcomis-constructions.fr\/index.php\/wp-json\/wp\/v2\/pages"}],"about":[{"href":"http:\/\/www.arcomis-constructions.fr\/index.php\/wp-json\/wp\/v2\/types\/page"}],"author":[{"embeddable":true,"href":"http:\/\/www.arcomis-constructions.fr\/index.php\/wp-json\/wp\/v2\/users\/2"}],"replies":[{"embeddable":true,"href":"http:\/\/www.arcomis-constructions.fr\/index.php\/wp-json\/wp\/v2\/comments?post=1827"}],"version-history":[{"count":25,"href":"http:\/\/www.arcomis-constructions.fr\/index.php\/wp-json\/wp\/v2\/pages\/1827\/revisions"}],"predecessor-version":[{"id":2678,"href":"http:\/\/www.arcomis-constructions.fr\/index.php\/wp-json\/wp\/v2\/pages\/1827\/revisions\/2678"}],"wp:attachment":[{"href":"http:\/\/www.arcomis-constructions.fr\/index.php\/wp-json\/wp\/v2\/media?parent=1827"}],"curies":[{"name":"wp","href":"https:\/\/api.w.org\/{rel}","templated":true}]}}